{"id":22,"date":"2017-06-10T08:25:52","date_gmt":"2017-06-10T08:25:52","guid":{"rendered":"http:\/\/xtratheme.com\/business\/?page_id=10"},"modified":"2025-08-19T20:48:40","modified_gmt":"2025-08-19T20:48:40","slug":"contact","status":"publish","type":"page","link":"https:\/\/al-hayakel.tr\/?page_id=22","title":{"rendered":"Contact"},"content":{"rendered":"<div class=\"wpb-content-wrapper\"><p>[vc_row][vc_column offset=&#8221;vc_col-lg-4&#8243;]<div class=\"cz_eqh cz_content_box_parent_fx  \"><div id=\"cz_32505\" class=\"cz_32505 cz_content_box clr\"><div class=\"cz_box_front clr\"><div class=\"cz_box_front_inner clr \"><span><\/span><div><ul id=\"cz_75255\" class=\"cz_75255 cz_stylish_list clr cz_sl_icon_hover_zoom_in_fade\"><li class=\"clr\"><a href=\"https:\/\/maps.google.com\/\"><div class=\"cz_sl_icon\"><i class=\"fa fa-map-marker mr10\"><\/i><\/div><div><span>Address:<small>Cumhuriyet Mah. D-100 Karayolu Cad. ADM Konaklama Sitesi Outlet Park AVM No:374 \u00a0Kap\u0131 No:63 \u00a0B\u00fcy\u00fck\u00e7ekmece\/ \u0130stanbul \/ T\u00fcrkiye  <\/small><\/span><\/div><\/a><\/li><li class=\"clr\"><a href=\"tel:90 530 832 08 71\"><div class=\"cz_sl_icon\"><i class=\"fa fa-phone mr10\"><\/i><\/div><div><span>Phone:<small>+90 530 832 08 71  <\/small><\/span><\/div><\/a><\/li><li class=\"clr\"><a href=\"mailto:qutaiba@al-hayakel.com\"><div class=\"cz_sl_icon\"><i class=\"fa fa-envelope mr10\"><\/i><\/div><div><span>Email:<small>qutaiba@al-hayakel.com<\/small><\/span><\/div><\/a><\/li><li class=\"clr\"><a href=\"#\"><div class=\"cz_sl_icon\"><i class=\"fa czico-178-check mr10\"><\/i><\/div><div><span>Registration Number<small>2158035<\/small><\/span><\/div><\/a><\/li><\/ul><div class=\"cz_gap clr \" style=\"height: 40px\"><\/div>[vc_gmaps link=&#8221;#E-8_JTNDaWZyYW1lJTIwc3JjJTNEJTIyaHR0cHMlM0ElMkYlMkZ3d3cuZ29vZ2xlLmNvbSUyRm1hcHMlMkZlbWJlZCUzRnBiJTNEJTIxMW0xNiUyMTFtMTIlMjExbTMlMjExZDI0MDgyLjYxNzcxMDA1NzQ4MiUyMTJkMjguNTc2NzA1NDQ4OTIxOTEzJTIxM2Q0MS4wMTgwOTY2NjYzMTc1MDQlMjEybTMlMjExZjAlMjEyZjAlMjEzZjAlMjEzbTIlMjExaTEwMjQlMjEyaTc2OCUyMTRmMTMuMSUyMTJtMSUyMTFzQ3VtaHVyaXlldCUyNTIwTWFoJTI1MjBEJTI1MjAxMDAlMjUyMEthcmF5b2x1JTI1MjBDYWQlMjUyMEFETSUyNTIwS29uYWtsYW1hJTI1MjBTaXRlc2klMjUyME91dGxldCUyNTIwUGFyayUyNTIwQVZNJTI1MjBObyUyNTIwMzc0JTI1MjBLYXAlMjVDNCUyNUIxJTI1MjBObyUyNTIwNjMlMjUyMEIlMjVDMyUyNUJDeSUyNUMzJTI1QkNrJTI1QzMlMjVBN2VrbWVjZSUyNTIwJTI1QzQlMjVCMHN0YW5idWwlMjUyMFQlMjVDMyUyNUJDcmtpeWUlMjE1ZTAlMjEzbTIlMjExc2VuJTIxMnNpcSUyMTR2MTc1NTYzNjA4MzgwMSUyMTVtMiUyMTFzZW4lMjEyc2lxJTIyJTIwd2lkdGglM0QlMjI2MDAlMjIlMjBoZWlnaHQlM0QlMjI0NTAlMjIlMjBzdHlsZSUzRCUyMmJvcmRlciUzQTAlM0IlMjIlMjBhbGxvd2Z1bGxzY3JlZW4lM0QlMjIlMjIlMjBsb2FkaW5nJTNEJTIybGF6eSUyMiUyMHJlZmVycmVycG9saWN5JTNEJTIybm8tcmVmZXJyZXItd2hlbi1kb3duZ3JhZGUlMjIlM0UlM0MlMkZpZnJhbWUlM0U=&#8221; css=&#8221;&#8221;]<\/div><\/div><\/div><\/div><\/div>[\/vc_column][vc_column css=&#8221;.vc_custom_1545816391909{padding-right: 40px !important;padding-left: 40px !important;}&#8221; offset=&#8221;vc_col-lg-8&#8243;]<div class=\"cz_gap clr \" style=\"height: 20px\"><\/div><div id=\"cz_41756\" class=\"cz_41756 cz_title clr cz_title_pos_inline\"><div class=\"cz_title_content\"><div class=\"cz_wpe_content\"><h3><span style=\"font-size: 36px;\">Send Us Your Message<\/span><\/h3>\n<\/div><\/div><\/div><div class=\"cz_gap clr \" style=\"height: 50px\"><\/div>[vc_column_text css=&#8221;&#8221;][\/vc_column_text]<div class=\"cz_gap clr \" style=\"height: 40px\"><\/div><div id=\"cz_110115\" class=\"cz_110115 cz_cf7 clr\"><div>\n<div class=\"wpcf7 no-js\" id=\"wpcf7-f213-o1\" lang=\"en-US\" dir=\"ltr\" data-wpcf7-id=\"213\">\n<div class=\"screen-reader-response\"><p role=\"status\" aria-live=\"polite\" aria-atomic=\"true\"><\/p> <ul><\/ul><\/div>\n<form action=\"\/index.php?rest_route=%2Fwp%2Fv2%2Fpages%2F22#wpcf7-f213-o1\" method=\"post\" class=\"wpcf7-form init\" aria-label=\"Contact form\" novalidate=\"novalidate\" data-status=\"init\">\n<fieldset class=\"hidden-fields-container\"><input type=\"hidden\" name=\"_wpcf7\" value=\"213\" \/><input type=\"hidden\" name=\"_wpcf7_version\" value=\"6.1.3\" \/><input type=\"hidden\" name=\"_wpcf7_locale\" value=\"en_US\" \/><input type=\"hidden\" name=\"_wpcf7_unit_tag\" value=\"wpcf7-f213-o1\" \/><input type=\"hidden\" name=\"_wpcf7_container_post\" value=\"0\" \/><input type=\"hidden\" name=\"_wpcf7_posted_data_hash\" value=\"\" \/>\n<\/fieldset>\n<p><label> Your Name (required)<br \/>\n<span class=\"wpcf7-form-control-wrap\" data-name=\"your-name\"><input size=\"40\" maxlength=\"400\" class=\"wpcf7-form-control wpcf7-text wpcf7-validates-as-required\" aria-required=\"true\" aria-invalid=\"false\" value=\"\" type=\"text\" name=\"your-name\" \/><\/span> <\/label>\n<\/p>\n<p><label> Your Email (required)<br \/>\n<span class=\"wpcf7-form-control-wrap\" data-name=\"your-email\"><input size=\"40\" maxlength=\"400\" class=\"wpcf7-form-control wpcf7-email wpcf7-validates-as-required wpcf7-text wpcf7-validates-as-email\" aria-required=\"true\" aria-invalid=\"false\" value=\"\" type=\"email\" name=\"your-email\" \/><\/span> <\/label>\n<\/p>\n<p><label> Subject<br \/>\n<span class=\"wpcf7-form-control-wrap\" data-name=\"your-subject\"><input size=\"40\" maxlength=\"400\" class=\"wpcf7-form-control wpcf7-text\" aria-invalid=\"false\" value=\"\" type=\"text\" name=\"your-subject\" \/><\/span> <\/label>\n<\/p>\n<p><label> Departemant<br \/>\n<span class=\"wpcf7-form-control-wrap\" data-name=\"menu-178\"><select class=\"wpcf7-form-control wpcf7-select\" aria-invalid=\"false\" name=\"menu-178\"><option value=\"Business Departemant\">Business Departemant<\/option><option value=\"Personal Departemant\">Personal Departemant<\/option><option value=\"Support Departemant\">Support Departemant<\/option><option value=\"Others\">Others<\/option><\/select><\/span> <\/label>\n<\/p>\n<p><label> Your Message<br \/>\n<span class=\"wpcf7-form-control-wrap\" data-name=\"your-message\"><textarea cols=\"40\" rows=\"10\" maxlength=\"2000\" class=\"wpcf7-form-control wpcf7-textarea\" aria-invalid=\"false\" name=\"your-message\"><\/textarea><\/span> <\/label>\n<\/p>\n<p><input class=\"wpcf7-form-control wpcf7-submit has-spinner\" type=\"submit\" value=\"Send\" \/>\n<\/p><div class=\"wpcf7-response-output\" aria-hidden=\"true\"><\/div>\n<\/form>\n<\/div>\n<\/div><\/div><div class=\"cz_gap clr \" style=\"height: 50px\"><\/div>[\/vc_column][\/vc_row]<\/p>\n<\/div>","protected":false},"excerpt":{"rendered":"<p>[vc_row][vc_column offset=&#8221;vc_col-lg-4&#8243;][\/vc_column][vc_column css=&#8221;.vc_custom_1545816391909{padding-right: 40px !important;padding-left: 40px !important;}&#8221; offset=&#8221;vc_col-lg-8&#8243;][vc_column_text css=&#8221;&#8221;][\/vc_column_text][\/vc_column][\/vc_row] &#8230; <\/p>\n","protected":false},"author":1,"featured_media":0,"parent":0,"menu_order":0,"comment_status":"closed","ping_status":"closed","template":"","meta":{"footnotes":""},"class_list":["post-22","page","type-page","status-publish","hentry"],"_links":{"self":[{"href":"https:\/\/al-hayakel.tr\/index.php?rest_route=\/wp\/v2\/pages\/22","targetHints":{"allow":["GET"]}}],"collection":[{"href":"https:\/\/al-hayakel.tr\/index.php?rest_route=\/wp\/v2\/pages"}],"about":[{"href":"https:\/\/al-hayakel.tr\/index.php?rest_route=\/wp\/v2\/types\/page"}],"author":[{"embeddable":true,"href":"https:\/\/al-hayakel.tr\/index.php?rest_route=\/wp\/v2\/users\/1"}],"replies":[{"embeddable":true,"href":"https:\/\/al-hayakel.tr\/index.php?rest_route=%2Fwp%2Fv2%2Fcomments&post=22"}],"version-history":[{"count":4,"href":"https:\/\/al-hayakel.tr\/index.php?rest_route=\/wp\/v2\/pages\/22\/revisions"}],"predecessor-version":[{"id":1316,"href":"https:\/\/al-hayakel.tr\/index.php?rest_route=\/wp\/v2\/pages\/22\/revisions\/1316"}],"wp:attachment":[{"href":"https:\/\/al-hayakel.tr\/index.php?rest_route=%2Fwp%2Fv2%2Fmedia&parent=22"}],"curies":[{"name":"wp","href":"https:\/\/api.w.org\/{rel}","templated":true}]}}